{"id":260,"date":"2025-07-22T10:20:00","date_gmt":"2025-07-22T14:20:00","guid":{"rendered":"https:\/\/www.adh.ca\/confirmation\/"},"modified":"2025-09-17T13:22:19","modified_gmt":"2025-09-17T17:22:19","slug":"confirmation","status":"publish","type":"page","link":"https:\/\/www.adh.ca\/en\/confirmation","title":{"rendered":"Confirmation"},"content":{"rendered":"<section class=\"align wp-block-pulser-thank-you\">\n    <div class=\"md:px-8 px-5 py-[120px]\">\n        <div class=\"container mx-auto\">\n            <div class=\"flex flex-col items-start lg:flex-row lg:items-center justify-between gap-8\">\n                <div class=\"text-dark flex flex-col gap-y-4\">\n                                            <h1 class=\"font-primary m-0 font-bold lg:text-[74px] md:text-[44px] text-[34px] leading-[120%]\">\n                            Thank you,                         <\/h1>\n                                            <div class=\"font-secondary text-[18px] leading-[150%]\">\n                            <p><strong>Thank you,. Your request has been<\/strong><br \/>\n<strong>forwarded to our team.<\/strong><\/p>\n<p><a href=\"\/en\">Return to home page<\/a><br \/>\n<a href=\"https:\/\/www.adh.ca\/en\/services\">Explore our other services<\/a><\/p>\n<p>We are here to help you!<\/p>\n                        <\/div>\n                                    <\/div>\n                <div class=\"w-full lg:w-[46.88%]\">\n                                            <img decoding=\"async\" src=\"https:\/\/www.adh.ca\/wp-content\/uploads\/2025\/06\/6ac99c10612860af278fe084332fb13c33c35804.png\" \n                            class=\"overflow-hidden h-[434px] max-h-full w-full object-cover\"\n                            alt=\"6ac99c10612860af278fe084332fb13c33c35804\">\n                                    <\/div>\n            <\/div>\n        <\/div>\n    <\/div>\n<\/section>","protected":false},"excerpt":{"rendered":"","protected":false},"author":4,"featured_media":0,"parent":0,"menu_order":0,"comment_status":"closed","ping_status":"closed","template":"","meta":{"_acf_changed":false,"footnotes":""},"class_list":["post-260","page","type-page","status-publish","hentry"],"acf":[],"yoast_head":"<!-- This site is optimized with the Yoast SEO plugin v26.3 - https:\/\/yoast.com\/wordpress\/plugins\/seo\/ -->\n<title>Confirmation - ADH - Advanced Hydraulics<\/title>\n<meta name=\"description\" content=\"LES HYDRAULIQUES AVANC\u00c9ES INTERNATIONAL INC. est l\u2019un des chefs de file en Am\u00e9rique du Nord dans le domaine de la reconstruction de pompes et de moteurs hydrauliques \u00e0 pistons pour la plupart des marques populaires et autres marques \u00e9trang\u00e8res.\" \/>\n<meta name=\"robots\" content=\"index, follow, max-snippet:-1, max-image-preview:large, max-video-preview:-1\" \/>\n<link rel=\"canonical\" href=\"https:\/\/www.adh.ca\/en\/confirmation\" \/>\n<meta property=\"og:locale\" content=\"en_US\" \/>\n<meta property=\"og:type\" content=\"article\" \/>\n<meta property=\"og:title\" content=\"Confirmation - ADH - Advanced Hydraulics\" \/>\n<meta property=\"og:description\" content=\"LES HYDRAULIQUES AVANC\u00c9ES INTERNATIONAL INC. est l\u2019un des chefs de file en Am\u00e9rique du Nord dans le domaine de la reconstruction de pompes et de moteurs hydrauliques \u00e0 pistons pour la plupart des marques populaires et autres marques \u00e9trang\u00e8res.\" \/>\n<meta property=\"og:url\" content=\"https:\/\/www.adh.ca\/en\/confirmation\" \/>\n<meta property=\"og:site_name\" content=\"ADH - Advanced Hydraulics\" \/>\n<meta property=\"article:modified_time\" content=\"2025-09-17T17:22:19+00:00\" \/>\n<meta name=\"twitter:card\" content=\"summary_large_image\" \/>\n<script type=\"application\/ld+json\" class=\"yoast-schema-graph\">{\"@context\":\"https:\/\/schema.org\",\"@graph\":[{\"@type\":\"WebPage\",\"@id\":\"https:\/\/www.adh.ca\/en\/confirmation\",\"url\":\"https:\/\/www.adh.ca\/en\/confirmation\",\"name\":\"Confirmation - ADH - Advanced Hydraulics\",\"isPartOf\":{\"@id\":\"https:\/\/www.adh.ca\/en\/#website\"},\"datePublished\":\"2025-07-22T14:20:00+00:00\",\"dateModified\":\"2025-09-17T17:22:19+00:00\",\"description\":\"LES HYDRAULIQUES AVANC\u00c9ES INTERNATIONAL INC. est l\u2019un des chefs de file en Am\u00e9rique du Nord dans le domaine de la reconstruction de pompes et de moteurs hydrauliques \u00e0 pistons pour la plupart des marques populaires et autres marques \u00e9trang\u00e8res.\",\"breadcrumb\":{\"@id\":\"https:\/\/www.adh.ca\/en\/confirmation#breadcrumb\"},\"inLanguage\":\"en-CA\",\"potentialAction\":[{\"@type\":\"ReadAction\",\"target\":[\"https:\/\/www.adh.ca\/en\/confirmation\"]}]},{\"@type\":\"BreadcrumbList\",\"@id\":\"https:\/\/www.adh.ca\/en\/confirmation#breadcrumb\",\"itemListElement\":[{\"@type\":\"ListItem\",\"position\":1,\"name\":\"\",\"item\":\"https:\/\/www.adh.ca\/en\"},{\"@type\":\"ListItem\",\"position\":2,\"name\":\"Confirmation\"}]},{\"@type\":\"WebSite\",\"@id\":\"https:\/\/www.adh.ca\/en\/#website\",\"url\":\"https:\/\/www.adh.ca\/en\/\",\"name\":\"ADH - Advanced Hydraulics\",\"description\":\"Pompes et moteurs hydraulique \u00e0 piston remanufactur\u00e9s\",\"publisher\":{\"@id\":\"https:\/\/www.adh.ca\/en\/#organization\"},\"potentialAction\":[{\"@type\":\"SearchAction\",\"target\":{\"@type\":\"EntryPoint\",\"urlTemplate\":\"https:\/\/www.adh.ca\/en\/?s={search_term_string}\"},\"query-input\":{\"@type\":\"PropertyValueSpecification\",\"valueRequired\":true,\"valueName\":\"search_term_string\"}}],\"inLanguage\":\"en-CA\"},{\"@type\":\"Organization\",\"@id\":\"https:\/\/www.adh.ca\/en\/#organization\",\"name\":\"ADH\",\"alternateName\":\"Advanced Hydraulics\",\"url\":\"https:\/\/www.adh.ca\/en\/\",\"logo\":{\"@type\":\"ImageObject\",\"inLanguage\":\"en-CA\",\"@id\":\"https:\/\/www.adh.ca\/en\/#\/schema\/logo\/image\/\",\"url\":\"https:\/\/www.adh.ca\/wp-content\/uploads\/2025\/05\/adh_logo.svg\",\"contentUrl\":\"https:\/\/www.adh.ca\/wp-content\/uploads\/2025\/05\/adh_logo.svg\",\"caption\":\"ADH\"},\"image\":{\"@id\":\"https:\/\/www.adh.ca\/en\/#\/schema\/logo\/image\/\"},\"sameAs\":[\"https:\/\/ca.linkedin.com\/company\/advanced-hydraulics\"]}]}<\/script>\n<!-- \/ Yoast SEO plugin. -->","yoast_head_json":{"title":"Confirmation - ADH - Advanced Hydraulics","description":"LES HYDRAULIQUES AVANC\u00c9ES INTERNATIONAL INC. est l\u2019un des chefs de file en Am\u00e9rique du Nord dans le domaine de la reconstruction de pompes et de moteurs hydrauliques \u00e0 pistons pour la plupart des marques populaires et autres marques \u00e9trang\u00e8res.","robots":{"index":"index","follow":"follow","max-snippet":"max-snippet:-1","max-image-preview":"max-image-preview:large","max-video-preview":"max-video-preview:-1"},"canonical":"https:\/\/www.adh.ca\/en\/confirmation","og_locale":"en_US","og_type":"article","og_title":"Confirmation - ADH - Advanced Hydraulics","og_description":"LES HYDRAULIQUES AVANC\u00c9ES INTERNATIONAL INC. est l\u2019un des chefs de file en Am\u00e9rique du Nord dans le domaine de la reconstruction de pompes et de moteurs hydrauliques \u00e0 pistons pour la plupart des marques populaires et autres marques \u00e9trang\u00e8res.","og_url":"https:\/\/www.adh.ca\/en\/confirmation","og_site_name":"ADH - Advanced Hydraulics","article_modified_time":"2025-09-17T17:22:19+00:00","twitter_card":"summary_large_image","schema":{"@context":"https:\/\/schema.org","@graph":[{"@type":"WebPage","@id":"https:\/\/www.adh.ca\/en\/confirmation","url":"https:\/\/www.adh.ca\/en\/confirmation","name":"Confirmation - ADH - Advanced Hydraulics","isPartOf":{"@id":"https:\/\/www.adh.ca\/en\/#website"},"datePublished":"2025-07-22T14:20:00+00:00","dateModified":"2025-09-17T17:22:19+00:00","description":"LES HYDRAULIQUES AVANC\u00c9ES INTERNATIONAL INC. est l\u2019un des chefs de file en Am\u00e9rique du Nord dans le domaine de la reconstruction de pompes et de moteurs hydrauliques \u00e0 pistons pour la plupart des marques populaires et autres marques \u00e9trang\u00e8res.","breadcrumb":{"@id":"https:\/\/www.adh.ca\/en\/confirmation#breadcrumb"},"inLanguage":"en-CA","potentialAction":[{"@type":"ReadAction","target":["https:\/\/www.adh.ca\/en\/confirmation"]}]},{"@type":"BreadcrumbList","@id":"https:\/\/www.adh.ca\/en\/confirmation#breadcrumb","itemListElement":[{"@type":"ListItem","position":1,"name":"","item":"https:\/\/www.adh.ca\/en"},{"@type":"ListItem","position":2,"name":"Confirmation"}]},{"@type":"WebSite","@id":"https:\/\/www.adh.ca\/en\/#website","url":"https:\/\/www.adh.ca\/en\/","name":"ADH - Advanced Hydraulics","description":"Pompes et moteurs hydraulique \u00e0 piston remanufactur\u00e9s","publisher":{"@id":"https:\/\/www.adh.ca\/en\/#organization"},"potentialAction":[{"@type":"SearchAction","target":{"@type":"EntryPoint","urlTemplate":"https:\/\/www.adh.ca\/en\/?s={search_term_string}"},"query-input":{"@type":"PropertyValueSpecification","valueRequired":true,"valueName":"search_term_string"}}],"inLanguage":"en-CA"},{"@type":"Organization","@id":"https:\/\/www.adh.ca\/en\/#organization","name":"ADH","alternateName":"Advanced Hydraulics","url":"https:\/\/www.adh.ca\/en\/","logo":{"@type":"ImageObject","inLanguage":"en-CA","@id":"https:\/\/www.adh.ca\/en\/#\/schema\/logo\/image\/","url":"https:\/\/www.adh.ca\/wp-content\/uploads\/2025\/05\/adh_logo.svg","contentUrl":"https:\/\/www.adh.ca\/wp-content\/uploads\/2025\/05\/adh_logo.svg","caption":"ADH"},"image":{"@id":"https:\/\/www.adh.ca\/en\/#\/schema\/logo\/image\/"},"sameAs":["https:\/\/ca.linkedin.com\/company\/advanced-hydraulics"]}]}},"_links":{"self":[{"href":"https:\/\/www.adh.ca\/en\/wp-json\/wp\/v2\/pages\/260","targetHints":{"allow":["GET"]}}],"collection":[{"href":"https:\/\/www.adh.ca\/en\/wp-json\/wp\/v2\/pages"}],"about":[{"href":"https:\/\/www.adh.ca\/en\/wp-json\/wp\/v2\/types\/page"}],"author":[{"embeddable":true,"href":"https:\/\/www.adh.ca\/en\/wp-json\/wp\/v2\/users\/4"}],"replies":[{"embeddable":true,"href":"https:\/\/www.adh.ca\/en\/wp-json\/wp\/v2\/comments?post=260"}],"version-history":[{"count":3,"href":"https:\/\/www.adh.ca\/en\/wp-json\/wp\/v2\/pages\/260\/revisions"}],"predecessor-version":[{"id":8567,"href":"https:\/\/www.adh.ca\/en\/wp-json\/wp\/v2\/pages\/260\/revisions\/8567"}],"wp:attachment":[{"href":"https:\/\/www.adh.ca\/en\/wp-json\/wp\/v2\/media?parent=260"}],"curies":[{"name":"wp","href":"https:\/\/api.w.org\/{rel}","templated":true}]}}